{"id":97,"date":"2023-06-12T15:48:54","date_gmt":"2023-06-12T18:48:54","guid":{"rendered":"https:\/\/deltavet.com.ar\/contato\/"},"modified":"2025-03-31T21:31:46","modified_gmt":"2025-04-01T00:31:46","slug":"contato","status":"publish","type":"page","link":"https:\/\/deltavet.com.ar\/pt-br\/contato\/","title":{"rendered":"Contato"},"content":{"rendered":"\n<p>Valorizamos sua opini\u00e3o e estamos ansiosos para ouvir suas sugest\u00f5es, d\u00favidas ou preocupa\u00e7\u00f5es.<\/p>\n\n<p><\/p>\n","protected":false},"excerpt":{"rendered":"<p>Valorizamos sua opini\u00e3o e estamos ansiosos para ouvir suas sugest\u00f5es, d\u00favidas ou preocupa\u00e7\u00f5es.<\/p>\n","protected":false},"author":1,"featured_media":63,"parent":0,"menu_order":0,"comment_status":"closed","ping_status":"closed","template":"page-contact-new.php","meta":{"footnotes":""},"class_list":["post-97","page","type-page","status-publish","has-post-thumbnail","hentry"],"_links":{"self":[{"href":"https:\/\/deltavet.com.ar\/pt-br\/wp-json\/wp\/v2\/pages\/97","targetHints":{"allow":["GET"]}}],"collection":[{"href":"https:\/\/deltavet.com.ar\/pt-br\/wp-json\/wp\/v2\/pages"}],"about":[{"href":"https:\/\/deltavet.com.ar\/pt-br\/wp-json\/wp\/v2\/types\/page"}],"author":[{"embeddable":true,"href":"https:\/\/deltavet.com.ar\/pt-br\/wp-json\/wp\/v2\/users\/1"}],"replies":[{"embeddable":true,"href":"https:\/\/deltavet.com.ar\/pt-br\/wp-json\/wp\/v2\/comments?post=97"}],"version-history":[{"count":2,"href":"https:\/\/deltavet.com.ar\/pt-br\/wp-json\/wp\/v2\/pages\/97\/revisions"}],"predecessor-version":[{"id":195,"href":"https:\/\/deltavet.com.ar\/pt-br\/wp-json\/wp\/v2\/pages\/97\/revisions\/195"}],"wp:featuredmedia":[{"embeddable":true,"href":"https:\/\/deltavet.com.ar\/pt-br\/wp-json\/wp\/v2\/media\/63"}],"wp:attachment":[{"href":"https:\/\/deltavet.com.ar\/pt-br\/wp-json\/wp\/v2\/media?parent=97"}],"curies":[{"name":"wp","href":"https:\/\/api.w.org\/{rel}","templated":true}]}}