{"id":93,"date":"2023-06-12T15:48:35","date_gmt":"2023-06-12T18:48:35","guid":{"rendered":"https:\/\/deltavet.com.ar\/garantia-de-qualidade\/"},"modified":"2023-06-28T14:30:07","modified_gmt":"2023-06-28T17:30:07","slug":"garantia-de-qualidade","status":"publish","type":"page","link":"https:\/\/deltavet.com.ar\/pt-br\/garantia-de-qualidade\/","title":{"rendered":"Garantia de qualidade"},"content":{"rendered":"\n<h2 class=\"wp-block-heading\">Paix\u00e3o pelos cavalos, paix\u00e3o pela qualidade<\/h2>\n\n<p>A qualidade e a melhoria cont\u00ednua regem cada um de nossos processos, destacando nossos produtos e alcan\u00e7ando uma posi\u00e7\u00e3o forte em mercados com padr\u00f5es cada vez mais exigentes. Na busca constante da qualidade total, nossos processos de fabrica\u00e7\u00e3o se realizam em instala\u00e7\u00f5es certificadas por organismos internacionais independentes e auditadas anualmente, garantindo a excel\u00eancia de nossos produtos e servi\u00e7os.<\/p>\n","protected":false},"excerpt":{"rendered":"<p>Paix\u00e3o pelos cavalos, paix\u00e3o pela qualidade A qualidade e a melhoria cont\u00ednua regem cada um de nossos processos, destacando nossos produtos e alcan\u00e7ando uma posi\u00e7\u00e3o forte em mercados com padr\u00f5es cada vez mais exigentes. Na busca constante da qualidade total, nossos processos de fabrica\u00e7\u00e3o se realizam em instala\u00e7\u00f5es certificadas por organismos internacionais independentes e auditadas [&hellip;]<\/p>\n","protected":false},"author":1,"featured_media":67,"parent":0,"menu_order":0,"comment_status":"closed","ping_status":"closed","template":"page-calidad.php","meta":{"footnotes":""},"class_list":["post-93","page","type-page","status-publish","has-post-thumbnail","hentry"],"_links":{"self":[{"href":"https:\/\/deltavet.com.ar\/pt-br\/wp-json\/wp\/v2\/pages\/93","targetHints":{"allow":["GET"]}}],"collection":[{"href":"https:\/\/deltavet.com.ar\/pt-br\/wp-json\/wp\/v2\/pages"}],"about":[{"href":"https:\/\/deltavet.com.ar\/pt-br\/wp-json\/wp\/v2\/types\/page"}],"author":[{"embeddable":true,"href":"https:\/\/deltavet.com.ar\/pt-br\/wp-json\/wp\/v2\/users\/1"}],"replies":[{"embeddable":true,"href":"https:\/\/deltavet.com.ar\/pt-br\/wp-json\/wp\/v2\/comments?post=93"}],"version-history":[{"count":1,"href":"https:\/\/deltavet.com.ar\/pt-br\/wp-json\/wp\/v2\/pages\/93\/revisions"}],"predecessor-version":[{"id":94,"href":"https:\/\/deltavet.com.ar\/pt-br\/wp-json\/wp\/v2\/pages\/93\/revisions\/94"}],"wp:featuredmedia":[{"embeddable":true,"href":"https:\/\/deltavet.com.ar\/pt-br\/wp-json\/wp\/v2\/media\/67"}],"wp:attachment":[{"href":"https:\/\/deltavet.com.ar\/pt-br\/wp-json\/wp\/v2\/media?parent=93"}],"curies":[{"name":"wp","href":"https:\/\/api.w.org\/{rel}","templated":true}]}}