{"id":201,"date":"2023-06-09T11:47:54","date_gmt":"2023-06-09T14:47:54","guid":{"rendered":"https:\/\/deltavet.com.ar\/politicas-de-privacidade\/"},"modified":"2025-04-30T13:58:00","modified_gmt":"2025-04-30T16:58:00","slug":"politicas-de-privacidade","status":"publish","type":"page","link":"https:\/\/deltavet.com.ar\/pt-br\/politicas-de-privacidade\/","title":{"rendered":"Pol\u00edticas de Privacidade."},"content":{"rendered":"\n<div class=\"wp-block-columns is-layout-flex wp-container-core-columns-is-layout-9d6595d7 wp-block-columns-is-layout-flex\">\n<div class=\"wp-block-column is-layout-flow wp-block-column-is-layout-flow\">\n<p>Esse site www.deltavet.com.ar (doravante o \u201cSite\u201d) \u00e9 operado pela Deltavet SRL, CUIT N\u00ba 30-6547-1728-8, com sede na Rua Abel Costa 845, em Mor\u00f3n, Prov\u00edncia de Buenos Aires, Rep\u00fablica Argentina (doravante \u201cDeltavet\u201d ou \u201cN\u00f3s\u201d). Ao acessar ou utilizar esse Site, voc\u00ea (doravante, \u201cV.\u201d (voc\u00ea) ou o \u201cVisitante\u201d) aceita os termos da presente Pol\u00edtica de Privacidade do Site. Se V. n\u00e3o estiver de acordo com a Pol\u00edtica de Privacidade do Site, por favor, abandone o Site agora mesmo. <br\/><br\/><\/p>\n\n\n\n<p>A presente Pol\u00edtica de Privacidade forma parte dos Termos e Condi\u00e7\u00f5es de Uso do Site.<\/p>\n\n\n\n<h2 class=\"wp-block-heading\">1.- Coleta e uso de informa\u00e7\u00e3o pessoal<\/h2>\n\n\n\n<p>Em certas partes do Site, poderemos requerer que nos forne\u00e7a informa\u00e7\u00e3o, pessoal para identific\u00e1-lo, por exemplo, quando participar de uma promo\u00e7\u00e3o, sorteio ou concurso, participar em pesquisas, ao criar uma conta de usu\u00e1rio, ao contatar-nos por uma d\u00favida ou pergunta, ao postular-se para uma busca de trabalho da Deltavet, ao solicitarmos informa\u00e7\u00e3o, etc. V. aceita e garante que qualquer informa\u00e7\u00e3o pessoal que V. fornecer \u00e9 ver\u00eddica, precisa e completa; e aceita que, em qualquer caso, V,. ser\u00e1 o \u00fanico respons\u00e1vel pela falta de veracidade ou exatid\u00e3o da mesma. V. n\u00e3o est\u00e1 obrigado a fornecer-nos informa\u00e7\u00e3o pessoal; mas quando n\u00e3o ingressar a informa\u00e7\u00e3o pessoal solicitada e\/ou ingressar dados inexatos poder\u00e1 impedir prestar todos aqueles servi\u00e7os e atividades vinculados a tais dados (por exemplo: participar de uma promo\u00e7\u00e3o, criar uma conta de usu\u00e1rio; postular-se para busca de vaga de emprego, acesso a certas \u00e1reas do Site, etc.) liberando, assim, V. de toda responsabilidade pela n\u00e3o presta\u00e7\u00e3o ou presta\u00e7\u00e3o incompleta daqueles servi\u00e7os e atividades.<\/p>\n\n\n\n<p>A informa\u00e7\u00e3o pessoal que for coletada pela Deltavet pode ser usada para comunicar-lhe ou remeter-lhe informa\u00e7\u00f5es e\/ou publicidades dos produtos e\/ou atividades da Deltavet e suas sociedades controladoras, subsidi\u00e1rias e entidades afiliadas ou vinculadas; para levar a cabo promo\u00e7\u00f5es, sorteios ou concursos; processar pr\u00eamios; para integrar as bases de dados de candidatos a vagas de emprego na Deltavet; ou para responder d\u00favidas ou requerimentos; para otimizar a sua experi\u00eancia no Site; para an\u00e1lise do mercado interno; e para as demais finalidades que se indicarem no requerimento, formul\u00e1rio ou lugar no Site onde se proporciona informa\u00e7\u00e3o pessoal.<\/p>\n\n\n\n<p>Al fornecer-nos informa\u00e7\u00e3o pessoal, V. outorga o seu consentimento livre e informado para que a mesma seja utilizada, recopilada, armazenada, ordenada, conservada, tratada, processada e\/ou avaliada com tais finalidades. Igualmente, ao proporcionar-nos sua informa\u00e7\u00e3o pessoal, v. aceita todos os termos da presente Pol\u00edtica de Privacidade.<\/p>\n\n\n\n<p>Quando fornecida sua informa\u00e7\u00e3o pessoal, V. aceita a transfer\u00eancia da mesma para e o armazenamento, tratamento e processamento de tal informa\u00e7\u00e3o em outros pa\u00edses ou territ\u00f3rios que proporcionarem n\u00edveis de prote\u00e7\u00e3o adequados; o que ser\u00e1 efetuado de acordo com a presente Pol\u00edtica de Privacidade.<\/p>\n\n\n\n<p>El Visitante podr\u00e1 solicitar el retiro o bloqueo total o parcial de su informaci\u00f3n personal de la bases de datos, enviando a Deltavet una carta a Abel Costa 845, Mor\u00f3n (C.P: 1708), Buenos Aires, Argentina.<\/p>\n\n\n\n<h2 class=\"wp-block-heading\">2.- Utiliza\u00e7\u00e3o de cookies<\/h2>\n\n\n\n<p>Esse Site utiliza cookies. As cookies constituem um pequeno arquivo de texto que um servidor web transfere para o computador do visitante de um site web. As cookies se utilizam para os seguintes prop\u00f3sitos \u2013 cuja enumera\u00e7\u00e3o \u00e9 meramente enunciativa e n\u00e3o limitativa-: reconhecer os navegadores dos usu\u00e1rios registrados sem que tenham que cadastrar-se em cada visita para aceder \u00e0s \u00e1reas do sitio web; monitoramento do tr\u00e1fico: o endere\u00e7o IP desde o qual se acessa, o tipo de buscador e o sistema operacional empregado para ingressa em um site web, a data e hora do acesso, as p\u00e1ginas que se visitam; reconhecer visitas repetidas com prop\u00f3sitos de an\u00e1lise ou estat\u00edsticas; rastreio an\u00f4nimo de intera\u00e7\u00e3o com publicidade em linha; obter informa\u00e7\u00e3o sobre os h\u00e1bitos de navega\u00e7\u00e3o; compilar an\u00f4nimos, estat\u00edsticas que permitam compreender como os usu\u00e1rios utilizam um site web. Igualmente, as cookies ajudam a melhorar ou personalizar a sua experi\u00eancia no site web, a monitorar o uso que se da ao site web a fim de fazer comunica\u00e7\u00f5es que possam ser de interesse. <\/p>\n\n\n\n<p>O Site pode utilizar cookies para todas e qualquer uma das finalidades anteriormente mencionadas.<\/p>\n\n\n\n<p>V. pode se negar a receber cookies e\/ou eliminar cookies. Para obter mais informa\u00e7\u00e3o sobre cookies pode consultar as instru\u00e7\u00f5es do seu navegador ou acessar a www.aboutcookies.org<br\/><br\/><\/p>\n\n\n\n<p>Deve levar em considera\u00e7\u00e3o que se n\u00e3o aceitar as cookies pode resultar dif\u00edcil ou imposs\u00edvel acessar determinadas partes do Site.<br\/><br\/><br\/><\/p>\n\n\n\n<h2 class=\"wp-block-heading\">3.- Divulga\u00e7\u00e3o de informa\u00e7\u00e3o pessoal<\/h2>\n\n\n\n<p>V. outorga o seu consentimento para que a Deltavet possa compartilhar sua informa\u00e7\u00e3o pessoal com suas sociedades controladoras, subsidi\u00e1rias, empresas afiliadas ou coligadas e com seus fornecedores ou empreiteiros, que que lhe prestem servi\u00e7o (incluindo, sem implicar limita\u00e7\u00e3o, os seus fornecedores de servi\u00e7os e empreiteiros, que efetuam fun\u00e7\u00f5es para a nossa conta ou nos oferecem servi\u00e7os de coleta, conserva\u00e7\u00e3o, armazenamento, tratamento, processamento, avalia\u00e7\u00e3o de dados pessoais, os analistas de comercializa\u00e7\u00e3o e ag\u00eancias de publicidade contratadas pela Deltavet; aqueles aos quais a Deltavet contratar para o manejo e manuten\u00e7\u00e3o do Site; seus fornecedores ser servi\u00e7os profissionais legais, cont\u00e1beis e de auditoria; aqueles que a Deltavet contatar para atividades tais como: remessa de correios eletr\u00f4nicos, administra\u00e7\u00e3o de sorteios).<br\/>A informa\u00e7\u00e3o \u00e9 divulgada somente com a finalidade de que se realizem as tarefas indicadas pela Deltavet e\/ou se prestem para a Deltavet os respectivos servi\u00e7os, n\u00e3o podendo ser utilizada a referida informa\u00e7\u00e3o para outra finalidade que n\u00e3o aquela indicada pela Deltavet, e igualmente, as referidas pessoas e entidades guardar\u00e3o sigilo com respeito \u00e0 referida informa\u00e7\u00e3o.<\/p>\n\n\n\n<p>Tanto a Deltavet, suas sociedades controladoras, suas subsidi\u00e1rias, empresas afiliadas e coligadas, quanto seus fornecedores ou empreiteiros, que lhe prestarem servi\u00e7os poder\u00e3o revelar informa\u00e7\u00e3o que os identifique, quando solicitado por autoridades judici\u00e1ria e\/ou quando haja raz\u00f5es fundamentadas relativas com a seguran\u00e7a p\u00fablica, a defesa nacional ou a sa\u00fade p\u00fablica.<\/p>\n\n\n\n<h2 class=\"wp-block-heading\">4.- Informa\u00e7\u00e3o incorporada em \u00e1reas p\u00fablicas ou interativas do Site<\/h2>\n\n\n\n<p>O Site pode permitir ao Visitante publicar conte\u00fados ou informa\u00e7\u00e3o no Site e\/ou participar em conversas na linha, foros e grupos de discuss\u00e3o no ou atrav\u00e9s do Site. <\/p>\n\n\n\n<p>Leve em considera\u00e7\u00e3o que outros ter\u00e3o acesso a qualquer informa\u00e7\u00e3o ou conte\u00fado que publicar no Site e\/ou revele em conversas na linha, foros e grupos de discuss\u00e3o. Portanto, V, deve extremar as precau\u00e7\u00f5es se decidir publicar e\/ou revelar informa\u00e7\u00e3o pessoal no ou atrav\u00e9s do Site. A Deltavet n\u00e3o pode evitar que a referida informa\u00e7\u00e3o possa ser utilizada de forma contr\u00e1ria \u00e0 lei ou a sua pr\u00f3pria privacidade e seguran\u00e7a; e por isto, a Deltavet n\u00e3o se responsabiliza de nenhuma maneira das consequ\u00eancias da publica\u00e7\u00e3o e\/ou revela\u00e7\u00e3o da referida informa\u00e7\u00e3o.<\/p>\n\n\n\n<h2 class=\"wp-block-heading\">5.- Enlaces<\/h2>\n\n\n\n<p>E\u2019 poss\u00edvel que o Site inclua enlaces ou refer\u00eancias para outros sites web. A Deltavet n\u00e3o tem responsabilidade alguma pelo conte\u00fado, a pol\u00edtica de privacidade e seguran\u00e7a dos referidos sites web de terceiros; o que V. aceita. Os referidos enlaces e refer\u00eancias para outros sites web se proporcionam exclusivamente para o seu conforto.<br\/><br\/><\/p>\n\n\n\n<p>Se selecionar algum enlace para outro site web e\/ou acessar algum site web referenciado no Site, V. o faz por sua exclusiva conta e risco. <br\/><br\/><\/p>\n\n\n\n<p>A Deltavet aconselha-o revisar os termos e condi\u00e7\u00f5es de uso e a pol\u00edtica de privacidade dos sites web referenciados no Site, assim como aqueles aos quais v. acessar atrav\u00e9s dos enlaces do Site.<\/p>\n\n\n\n<h2 class=\"wp-block-heading\">6.- Seguran\u00e7a<\/h2>\n\n\n\n<p>Esse Site disp\u00f5e de medidas de seguran\u00e7a para ajudar a prote\u00e7\u00e3o da informa\u00e7\u00e3o pessoal que recolhemos atrav\u00e9s do Site.<br\/><br\/><\/p>\n\n\n\n<p>A Deltavet n\u00e3o tem controle das comunica\u00e7\u00f5es, que se fizerem atrav\u00e9s de correio eletr\u00f4nico. Assim sendo, recomendamos, que no mesmo n\u00e3o seja inclu\u00edda informa\u00e7\u00e3o confidencial e\/ou dados sens\u00edveis e demais informa\u00e7\u00f5es que v. n\u00e3o d\u00ea conformidade para ser conhecida por terceiros. <\/p>\n\n\n\n<p>Em caso de que tomemos conhecimento de que a seguran\u00e7a da informa\u00e7\u00e3o pessoal sua que temos possa encontrar-se comprometida, poderemos notificar-lhe a tal respeito pelo meio que a Deltavet considerar, a seu crit\u00e9rio, conveniente.<\/p>\n\n\n\n<p>Assinalamos que v. \u00e9 respons\u00e1vel por manter a confidencialidade de qualquer senha que possa utilizar para acessar o Site e aceita n\u00e3o transmitir o seu nome de usu\u00e1rio e sua senha para nenhum terceiro. O Visitante aceita notificar imediatamente a Deltavet de qualquer uso n\u00e3o autorizado do seu nome de usu\u00e1rio ou senha ou qualquer outra viola\u00e7\u00e3o da seguran\u00e7a com respeito a sua conta ou com o Site. Igualmente, o Visitante assegura que \u201cfechar\u00e1 a sess\u00e3o\u201d (se retirar\u00e1 da sua conta no Site) no final de cada sess\u00e3o e assume a responsabilidade de controlar o uso do seu nome de usu\u00e1rio e senha e de notificar a Deltavet em caso que desejar cancelar o seu cadastro.<\/p>\n\n\n\n<p>A Deltavet n\u00e3o se responsabiliza por qualquer dano ou preju\u00edzo que possa decorrer do inadimplemento de qualquer uma das obriga\u00e7\u00f5es acima mencionadas.<\/p>\n\n\n\n<h2 class=\"wp-block-heading\">7.- Direitos de acesso, retifica\u00e7\u00e3o ou supress\u00e3o dos dados pessoais<\/h2>\n\n\n\n<p>El Visitante podr\u00e1 acceder, rectificar y suprimir sus datos personales envi\u00e1ndonos una carta a Abel Costa 845, Mor\u00f3n (C.P: 1708), Buenos Aires, Argentina.<\/p>\n\n\n\n<p><em>\u201cO titular dos dados pessoais tem a faculdade de exercer o direito de acesso aos mesmos em forma gratuita, em intervalos n\u00e3o inferiores a seis (6) meses, salvo que se acredite interesse leg\u00edtimo para tal efeito, conforme estabelece o artigo 14, inciso 3 da Lei N\u00ba 25.326\u201d (Disposi\u00e7\u00e3o DNPDP 10\/08, artigo 1\u00ba). \u201cA Dire\u00e7\u00e3o Nacional de Prote\u00e7\u00e3o de Dados Pessoais, \u00d3rg\u00e3o de Controle da Lei N\u00ba 25.326, tem a atribui\u00e7\u00e3o de atender as den\u00fancias e reclama\u00e7\u00f5es que se interpuserem com respeito ao cumprimento das normas sobre dados pessoais ( (Disposi\u00e7\u00e3o DNPDP 10\/08, art\u00edculo 2\u00ba)\u201d.<\/em><\/p>\n\n\n\n<h2 class=\"wp-block-heading\">8.- Atualiza\u00e7\u00e3o da Pol\u00edtica de Privacidade<\/h2>\n\n\n\n<p>A Deltavet reserva-se o direito de alterar, unilateralmente e sem pr\u00e9vio aviso, a presente Pol\u00edtica de Privacidade. \u00c9 responsabilidade do Visitante verificar, periodicamente, qualquer altera\u00e7\u00e3o que pud\u00e9ssemos realizar da Pol\u00edtica de Privacidade. <\/p>\n\n\n\n<p><\/p>\n<\/div>\n<\/div>\n","protected":false},"excerpt":{"rendered":"<p>Esse site www.deltavet.com.ar (doravante o \u201cSite\u201d) \u00e9 operado pela Deltavet SRL, CUIT N\u00ba 30-6547-1728-8, com sede na Rua Abel Costa 845, em Mor\u00f3n, Prov\u00edncia de Buenos Aires, Rep\u00fablica Argentina (doravante \u201cDeltavet\u201d ou \u201cN\u00f3s\u201d). Ao acessar ou utilizar esse Site, voc\u00ea (doravante, \u201cV.\u201d (voc\u00ea) ou o \u201cVisitante\u201d) aceita os termos da presente Pol\u00edtica de Privacidade do [&hellip;]<\/p>\n","protected":false},"author":1,"featured_media":0,"parent":0,"menu_order":0,"comment_status":"closed","ping_status":"open","template":"","meta":{"footnotes":""},"class_list":["post-201","page","type-page","status-publish","hentry"],"_links":{"self":[{"href":"https:\/\/deltavet.com.ar\/pt-br\/wp-json\/wp\/v2\/pages\/201","targetHints":{"allow":["GET"]}}],"collection":[{"href":"https:\/\/deltavet.com.ar\/pt-br\/wp-json\/wp\/v2\/pages"}],"about":[{"href":"https:\/\/deltavet.com.ar\/pt-br\/wp-json\/wp\/v2\/types\/page"}],"author":[{"embeddable":true,"href":"https:\/\/deltavet.com.ar\/pt-br\/wp-json\/wp\/v2\/users\/1"}],"replies":[{"embeddable":true,"href":"https:\/\/deltavet.com.ar\/pt-br\/wp-json\/wp\/v2\/comments?post=201"}],"version-history":[{"count":2,"href":"https:\/\/deltavet.com.ar\/pt-br\/wp-json\/wp\/v2\/pages\/201\/revisions"}],"predecessor-version":[{"id":206,"href":"https:\/\/deltavet.com.ar\/pt-br\/wp-json\/wp\/v2\/pages\/201\/revisions\/206"}],"wp:attachment":[{"href":"https:\/\/deltavet.com.ar\/pt-br\/wp-json\/wp\/v2\/media?parent=201"}],"curies":[{"name":"wp","href":"https:\/\/api.w.org\/{rel}","templated":true}]}}