{"id":107,"date":"2023-06-12T15:49:39","date_gmt":"2023-06-12T18:49:39","guid":{"rendered":"https:\/\/deltavet.com.ar\/paixao-pelos-cavalos-paixao-pela-qualidade\/"},"modified":"2023-06-27T16:02:45","modified_gmt":"2023-06-27T19:02:45","slug":"paixao-pelos-cavalos-paixao-pela-qualidade","status":"publish","type":"page","link":"https:\/\/deltavet.com.ar\/pt-br\/","title":{"rendered":"Paix\u00e3o pelos cavalos, paix\u00e3o pela qualidade"},"content":{"rendered":"\n<p>Somos um laborat\u00f3rio especializado no desenvolvimento e produ\u00e7\u00e3o de medicamentos veterin\u00e1rios para a esp\u00e9cie equina.<\/p>\n","protected":false},"excerpt":{"rendered":"<p>Somos um laborat\u00f3rio especializado no desenvolvimento e produ\u00e7\u00e3o de medicamentos veterin\u00e1rios para a esp\u00e9cie equina.<\/p>\n","protected":false},"author":1,"featured_media":0,"parent":0,"menu_order":0,"comment_status":"closed","ping_status":"closed","template":"page-inicio.php","meta":{"footnotes":""},"class_list":["post-107","page","type-page","status-publish","hentry"],"_links":{"self":[{"href":"https:\/\/deltavet.com.ar\/pt-br\/wp-json\/wp\/v2\/pages\/107","targetHints":{"allow":["GET"]}}],"collection":[{"href":"https:\/\/deltavet.com.ar\/pt-br\/wp-json\/wp\/v2\/pages"}],"about":[{"href":"https:\/\/deltavet.com.ar\/pt-br\/wp-json\/wp\/v2\/types\/page"}],"author":[{"embeddable":true,"href":"https:\/\/deltavet.com.ar\/pt-br\/wp-json\/wp\/v2\/users\/1"}],"replies":[{"embeddable":true,"href":"https:\/\/deltavet.com.ar\/pt-br\/wp-json\/wp\/v2\/comments?post=107"}],"version-history":[{"count":1,"href":"https:\/\/deltavet.com.ar\/pt-br\/wp-json\/wp\/v2\/pages\/107\/revisions"}],"predecessor-version":[{"id":108,"href":"https:\/\/deltavet.com.ar\/pt-br\/wp-json\/wp\/v2\/pages\/107\/revisions\/108"}],"wp:attachment":[{"href":"https:\/\/deltavet.com.ar\/pt-br\/wp-json\/wp\/v2\/media?parent=107"}],"curies":[{"name":"wp","href":"https:\/\/api.w.org\/{rel}","templated":true}]}}