{"id":103,"date":"2023-06-12T15:48:07","date_gmt":"2023-06-12T18:48:07","guid":{"rendered":"https:\/\/deltavet.com.ar\/empresa\/"},"modified":"2023-06-30T15:06:27","modified_gmt":"2023-06-30T18:06:27","slug":"empresa","status":"publish","type":"page","link":"https:\/\/deltavet.com.ar\/pt-br\/empresa\/","title":{"rendered":"Empresa"},"content":{"rendered":"\n<h2 class=\"wp-block-heading\">Inova\u00e7\u00e3o e desenvolvimento em medicina veterin\u00e1ria<\/h2>\n\n<p>Deltavet \u00e9 um laborat\u00f3rio especializado no desenvolvimento de produtos farmac\u00eauticos veterin\u00e1rios para esp\u00e9cie equina.<br\/><br\/>Desde nosso in\u00edcio, trabalhamos dia a dia com o compromisso permanente da sa\u00fade e o bem-estar animal, focados em satisfazer e superar as exig\u00eancias e expectativas de nossos clientes, tanto no mercado nacional como internacional, oferecendo produtos confi\u00e1veis, inovadores, de alta qualidade e efic\u00e1cia.<\/p>\n","protected":false},"excerpt":{"rendered":"<p>Inova\u00e7\u00e3o e desenvolvimento em medicina veterin\u00e1ria Deltavet \u00e9 um laborat\u00f3rio especializado no desenvolvimento de produtos farmac\u00eauticos veterin\u00e1rios para esp\u00e9cie equina. Desde nosso in\u00edcio, trabalhamos dia a dia com o compromisso permanente da sa\u00fade e o bem-estar animal, focados em satisfazer e superar as exig\u00eancias e expectativas de nossos clientes, tanto no mercado nacional como internacional, [&hellip;]<\/p>\n","protected":false},"author":1,"featured_media":65,"parent":0,"menu_order":0,"comment_status":"closed","ping_status":"closed","template":"","meta":{"footnotes":""},"class_list":["post-103","page","type-page","status-publish","has-post-thumbnail","hentry"],"_links":{"self":[{"href":"https:\/\/deltavet.com.ar\/pt-br\/wp-json\/wp\/v2\/pages\/103","targetHints":{"allow":["GET"]}}],"collection":[{"href":"https:\/\/deltavet.com.ar\/pt-br\/wp-json\/wp\/v2\/pages"}],"about":[{"href":"https:\/\/deltavet.com.ar\/pt-br\/wp-json\/wp\/v2\/types\/page"}],"author":[{"embeddable":true,"href":"https:\/\/deltavet.com.ar\/pt-br\/wp-json\/wp\/v2\/users\/1"}],"replies":[{"embeddable":true,"href":"https:\/\/deltavet.com.ar\/pt-br\/wp-json\/wp\/v2\/comments?post=103"}],"version-history":[{"count":2,"href":"https:\/\/deltavet.com.ar\/pt-br\/wp-json\/wp\/v2\/pages\/103\/revisions"}],"predecessor-version":[{"id":153,"href":"https:\/\/deltavet.com.ar\/pt-br\/wp-json\/wp\/v2\/pages\/103\/revisions\/153"}],"wp:featuredmedia":[{"embeddable":true,"href":"https:\/\/deltavet.com.ar\/pt-br\/wp-json\/wp\/v2\/media\/65"}],"wp:attachment":[{"href":"https:\/\/deltavet.com.ar\/pt-br\/wp-json\/wp\/v2\/media?parent=103"}],"curies":[{"name":"wp","href":"https:\/\/api.w.org\/{rel}","templated":true}]}}